{"id":5,"date":"2024-02-27T18:52:55","date_gmt":"2024-02-27T18:52:55","guid":{"rendered":"https:\/\/party-train.nl\/?page_id=5"},"modified":"2024-02-27T20:33:16","modified_gmt":"2024-02-27T20:33:16","slug":"home","status":"publish","type":"page","link":"https:\/\/party-train.nl\/","title":{"rendered":"Home"},"content":{"rendered":"\t\t<div data-elementor-type=\"wp-page\" data-elementor-id=\"5\" class=\"elementor elementor-5\">\n\t\t\t\t<div class=\"elementor-element elementor-element-0ea9c38 e-con-full e-flex e-con e-parent\" data-id=\"0ea9c38\" data-element_type=\"container\" data-settings=\"{&quot;background_background&quot;:&quot;gradient&quot;,&quot;content_width&quot;:&quot;full&quot;}\" data-core-v316-plus=\"true\">\n\t\t\t\t<div class=\"elementor-element elementor-element-42bb790 elementor-widget elementor-widget-heading\" data-id=\"42bb790\" data-element_type=\"widget\" data-widget_type=\"heading.default\">\n\t\t\t\t<div class=\"elementor-widget-container\">\n\t\t\t<style>\/*! elementor - v3.19.0 - 26-02-2024 *\/\n.elementor-heading-title{padding:0;margin:0;line-height:1}.elementor-widget-heading .elementor-heading-title[class*=elementor-size-]>a{color:inherit;font-size:inherit;line-height:inherit}.elementor-widget-heading .elementor-heading-title.elementor-size-small{font-size:15px}.elementor-widget-heading .elementor-heading-title.elementor-size-medium{font-size:19px}.elementor-widget-heading .elementor-heading-title.elementor-size-large{font-size:29px}.elementor-widget-heading .elementor-heading-title.elementor-size-xl{font-size:39px}.elementor-widget-heading .elementor-heading-title.elementor-size-xxl{font-size:59px}<\/style><h1 class=\"elementor-heading-title elementor-size-default\">KAARTVERKOOP<\/h1>\t\t<\/div>\n\t\t\t\t<\/div>\n\t\t\t\t<div class=\"elementor-element elementor-element-aa947e9 elementor-widget elementor-widget-text-editor\" data-id=\"aa947e9\" data-element_type=\"widget\" data-widget_type=\"text-editor.default\">\n\t\t\t\t<div class=\"elementor-widget-container\">\n\t\t\t<style>\/*! elementor - v3.19.0 - 26-02-2024 *\/\n.elementor-widget-text-editor.elementor-drop-cap-view-stacked .elementor-drop-cap{background-color:#69727d;color:#fff}.elementor-widget-text-editor.elementor-drop-cap-view-framed .elementor-drop-cap{color:#69727d;border:3px solid;background-color:transparent}.elementor-widget-text-editor:not(.elementor-drop-cap-view-default) .elementor-drop-cap{margin-top:8px}.elementor-widget-text-editor:not(.elementor-drop-cap-view-default) .elementor-drop-cap-letter{width:1em;height:1em}.elementor-widget-text-editor .elementor-drop-cap{float:left;text-align:center;line-height:1;font-size:50px}.elementor-widget-text-editor .elementor-drop-cap-letter{display:inline-block}<\/style>\t\t\t\t<p style=\"text-align: center;\"><strong>Let op!!<\/strong> er zijn events waar de kaartverkoop door onze partner word verzorgd.<br \/>Ga eerst naar het event en klik vervolgens op de tickets link om doorverwezen te worden.<\/p><div id=\"shop-frame\" style=\"max-width: 100%; margin: 0 auto;\" data-url=\"https:\/\/shop.eventix.io\/ceb32f90-7ead-11e8-81aa-33590a3d860f\">\u00a0<\/div><p><script src=\"https:\/\/shop.eventix.io\/build\/integrate.js\"><\/script><\/p>\t\t\t\t\t\t<\/div>\n\t\t\t\t<\/div>\n\t\t\t\t<\/div>\n\t\t\t\t<section class=\"elementor-section elementor-top-section elementor-element elementor-element-42d3f9aa elementor-hidden-phone elementor-section-boxed elementor-section-height-default elementor-section-height-default\" data-id=\"42d3f9aa\" data-element_type=\"section\" data-settings=\"{&quot;background_background&quot;:&quot;gradient&quot;}\">\n\t\t\t\t\t\t<div class=\"elementor-container elementor-column-gap-default\">\n\t\t\t\t\t<div class=\"elementor-column elementor-col-100 elementor-top-column elementor-element elementor-element-42864fb4\" data-id=\"42864fb4\" data-element_type=\"column\">\n\t\t\t<div class=\"elementor-widget-wrap elementor-element-populated\">\n\t\t\t\t\t\t<div class=\"elementor-element elementor-element-65c9cba2 elementor-widget elementor-widget-heading\" data-id=\"65c9cba2\" data-element_type=\"widget\" data-widget_type=\"heading.default\">\n\t\t\t\t<div class=\"elementor-widget-container\">\n\t\t\t<h1 class=\"elementor-heading-title elementor-size-default\">IMPRESSIE VAN ONZE EVENTS<\/h1>\t\t<\/div>\n\t\t\t\t<\/div>\n\t\t\t\t<section class=\"elementor-section elementor-inner-section elementor-element elementor-element-2a01b09c elementor-section-full_width elementor-section-height-default elementor-section-height-default\" data-id=\"2a01b09c\" data-element_type=\"section\">\n\t\t\t\t\t\t<div class=\"elementor-container elementor-column-gap-no\">\n\t\t\t\t\t<div class=\"elementor-column elementor-col-25 elementor-inner-column elementor-element elementor-element-7ffb66ed\" data-id=\"7ffb66ed\" data-element_type=\"column\">\n\t\t\t<div class=\"elementor-widget-wrap elementor-element-populated\">\n\t\t\t\t\t\t<div class=\"elementor-element elementor-element-3a425e1c elementor-widget elementor-widget-image\" data-id=\"3a425e1c\" data-element_type=\"widget\" data-widget_type=\"image.default\">\n\t\t\t\t<div class=\"elementor-widget-container\">\n\t\t\t<style>\/*! elementor - v3.19.0 - 26-02-2024 *\/\n.elementor-widget-image{text-align:center}.elementor-widget-image a{display:inline-block}.elementor-widget-image a img[src$=\".svg\"]{width:48px}.elementor-widget-image img{vertical-align:middle;display:inline-block}<\/style>\t\t\t\t\t\t\t\t\t\t<img fetchpriority=\"high\" decoding=\"async\" width=\"500\" height=\"333\" src=\"https:\/\/party-train.nl\/wp-content\/uploads\/2024\/02\/disco-train-01.jpg\" class=\"attachment-large size-large wp-image-23\" alt=\"\" srcset=\"https:\/\/party-train.nl\/wp-content\/uploads\/2024\/02\/disco-train-01.jpg 500w, https:\/\/party-train.nl\/wp-content\/uploads\/2024\/02\/disco-train-01-300x200.jpg 300w, https:\/\/party-train.nl\/wp-content\/uploads\/2024\/02\/disco-train-01-113x75.jpg 113w, https:\/\/party-train.nl\/wp-content\/uploads\/2024\/02\/disco-train-01-480x320.jpg 480w\" sizes=\"(max-width:767px) 480px, 500px\" \/>\t\t\t\t\t\t\t\t\t\t\t\t\t<\/div>\n\t\t\t\t<\/div>\n\t\t\t\t\t<\/div>\n\t\t<\/div>\n\t\t\t\t<div class=\"elementor-column elementor-col-25 elementor-inner-column elementor-element elementor-element-161e8177\" data-id=\"161e8177\" data-element_type=\"column\">\n\t\t\t<div class=\"elementor-widget-wrap elementor-element-populated\">\n\t\t\t\t\t\t<div class=\"elementor-element elementor-element-42bd76ba elementor-widget elementor-widget-image\" data-id=\"42bd76ba\" data-element_type=\"widget\" data-widget_type=\"image.default\">\n\t\t\t\t<div class=\"elementor-widget-container\">\n\t\t\t\t\t\t\t\t\t\t\t\t\t<img decoding=\"async\" width=\"500\" height=\"333\" src=\"https:\/\/party-train.nl\/wp-content\/uploads\/2024\/02\/disco-train-02.jpg\" class=\"attachment-large size-large wp-image-24\" alt=\"\" srcset=\"https:\/\/party-train.nl\/wp-content\/uploads\/2024\/02\/disco-train-02.jpg 500w, https:\/\/party-train.nl\/wp-content\/uploads\/2024\/02\/disco-train-02-300x200.jpg 300w, https:\/\/party-train.nl\/wp-content\/uploads\/2024\/02\/disco-train-02-113x75.jpg 113w, https:\/\/party-train.nl\/wp-content\/uploads\/2024\/02\/disco-train-02-480x320.jpg 480w\" sizes=\"(max-width:767px) 480px, 500px\" \/>\t\t\t\t\t\t\t\t\t\t\t\t\t<\/div>\n\t\t\t\t<\/div>\n\t\t\t\t\t<\/div>\n\t\t<\/div>\n\t\t\t\t<div class=\"elementor-column elementor-col-25 elementor-inner-column elementor-element elementor-element-2f8d81cb\" data-id=\"2f8d81cb\" data-element_type=\"column\">\n\t\t\t<div class=\"elementor-widget-wrap elementor-element-populated\">\n\t\t\t\t\t\t<div class=\"elementor-element elementor-element-1ab57049 elementor-widget elementor-widget-image\" data-id=\"1ab57049\" data-element_type=\"widget\" data-widget_type=\"image.default\">\n\t\t\t\t<div class=\"elementor-widget-container\">\n\t\t\t\t\t\t\t\t\t\t\t\t\t<img decoding=\"async\" width=\"500\" height=\"333\" src=\"https:\/\/party-train.nl\/wp-content\/uploads\/2024\/02\/disco-train-03.jpg\" class=\"attachment-large size-large wp-image-25\" alt=\"\" srcset=\"https:\/\/party-train.nl\/wp-content\/uploads\/2024\/02\/disco-train-03.jpg 500w, https:\/\/party-train.nl\/wp-content\/uploads\/2024\/02\/disco-train-03-300x200.jpg 300w, https:\/\/party-train.nl\/wp-content\/uploads\/2024\/02\/disco-train-03-113x75.jpg 113w, https:\/\/party-train.nl\/wp-content\/uploads\/2024\/02\/disco-train-03-480x320.jpg 480w\" sizes=\"(max-width:767px) 480px, 500px\" \/>\t\t\t\t\t\t\t\t\t\t\t\t\t<\/div>\n\t\t\t\t<\/div>\n\t\t\t\t\t<\/div>\n\t\t<\/div>\n\t\t\t\t<div class=\"elementor-column elementor-col-25 elementor-inner-column elementor-element elementor-element-4e085851\" data-id=\"4e085851\" data-element_type=\"column\">\n\t\t\t<div class=\"elementor-widget-wrap elementor-element-populated\">\n\t\t\t\t\t\t<div class=\"elementor-element elementor-element-58865601 elementor-widget elementor-widget-image\" data-id=\"58865601\" data-element_type=\"widget\" data-widget_type=\"image.default\">\n\t\t\t\t<div class=\"elementor-widget-container\">\n\t\t\t\t\t\t\t\t\t\t\t\t\t<img loading=\"lazy\" decoding=\"async\" width=\"500\" height=\"333\" src=\"https:\/\/party-train.nl\/wp-content\/uploads\/2024\/02\/disco-train-04.jpg\" class=\"attachment-large size-large wp-image-26\" alt=\"\" srcset=\"https:\/\/party-train.nl\/wp-content\/uploads\/2024\/02\/disco-train-04.jpg 500w, https:\/\/party-train.nl\/wp-content\/uploads\/2024\/02\/disco-train-04-300x200.jpg 300w, https:\/\/party-train.nl\/wp-content\/uploads\/2024\/02\/disco-train-04-113x75.jpg 113w, https:\/\/party-train.nl\/wp-content\/uploads\/2024\/02\/disco-train-04-480x320.jpg 480w\" sizes=\"(max-width:767px) 480px, 500px\" \/>\t\t\t\t\t\t\t\t\t\t\t\t\t<\/div>\n\t\t\t\t<\/div>\n\t\t\t\t\t<\/div>\n\t\t<\/div>\n\t\t\t\t\t<\/div>\n\t\t<\/section>\n\t\t\t\t<section class=\"elementor-section elementor-inner-section elementor-element elementor-element-61f9a4 elementor-section-full_width elementor-section-height-default elementor-section-height-default\" data-id=\"61f9a4\" data-element_type=\"section\">\n\t\t\t\t\t\t<div class=\"elementor-container elementor-column-gap-no\">\n\t\t\t\t\t<div class=\"elementor-column elementor-col-25 elementor-inner-column elementor-element elementor-element-459c36fa\" data-id=\"459c36fa\" data-element_type=\"column\">\n\t\t\t<div class=\"elementor-widget-wrap elementor-element-populated\">\n\t\t\t\t\t\t<div class=\"elementor-element elementor-element-56665d45 elementor-widget elementor-widget-image\" data-id=\"56665d45\" data-element_type=\"widget\" data-widget_type=\"image.default\">\n\t\t\t\t<div class=\"elementor-widget-container\">\n\t\t\t\t\t\t\t\t\t\t\t\t\t<img loading=\"lazy\" decoding=\"async\" width=\"500\" height=\"333\" src=\"https:\/\/party-train.nl\/wp-content\/uploads\/2024\/02\/disco-train-05.jpg\" class=\"attachment-large size-large wp-image-27\" alt=\"\" srcset=\"https:\/\/party-train.nl\/wp-content\/uploads\/2024\/02\/disco-train-05.jpg 500w, https:\/\/party-train.nl\/wp-content\/uploads\/2024\/02\/disco-train-05-300x200.jpg 300w, https:\/\/party-train.nl\/wp-content\/uploads\/2024\/02\/disco-train-05-113x75.jpg 113w, https:\/\/party-train.nl\/wp-content\/uploads\/2024\/02\/disco-train-05-480x320.jpg 480w\" sizes=\"(max-width:767px) 480px, 500px\" \/>\t\t\t\t\t\t\t\t\t\t\t\t\t<\/div>\n\t\t\t\t<\/div>\n\t\t\t\t\t<\/div>\n\t\t<\/div>\n\t\t\t\t<div class=\"elementor-column elementor-col-25 elementor-inner-column elementor-element elementor-element-297279e\" data-id=\"297279e\" data-element_type=\"column\">\n\t\t\t<div class=\"elementor-widget-wrap elementor-element-populated\">\n\t\t\t\t\t\t<div class=\"elementor-element elementor-element-5a2c35ff elementor-widget elementor-widget-image\" data-id=\"5a2c35ff\" data-element_type=\"widget\" data-widget_type=\"image.default\">\n\t\t\t\t<div class=\"elementor-widget-container\">\n\t\t\t\t\t\t\t\t\t\t\t\t\t<img loading=\"lazy\" decoding=\"async\" width=\"500\" height=\"333\" src=\"https:\/\/party-train.nl\/wp-content\/uploads\/2024\/02\/disco-train-05-1.jpg\" class=\"attachment-large size-large wp-image-28\" alt=\"\" srcset=\"https:\/\/party-train.nl\/wp-content\/uploads\/2024\/02\/disco-train-05-1.jpg 500w, https:\/\/party-train.nl\/wp-content\/uploads\/2024\/02\/disco-train-05-1-300x200.jpg 300w, https:\/\/party-train.nl\/wp-content\/uploads\/2024\/02\/disco-train-05-1-113x75.jpg 113w, https:\/\/party-train.nl\/wp-content\/uploads\/2024\/02\/disco-train-05-1-480x320.jpg 480w\" sizes=\"(max-width:767px) 480px, 500px\" \/>\t\t\t\t\t\t\t\t\t\t\t\t\t<\/div>\n\t\t\t\t<\/div>\n\t\t\t\t\t<\/div>\n\t\t<\/div>\n\t\t\t\t<div class=\"elementor-column elementor-col-25 elementor-inner-column elementor-element elementor-element-68e91bc0\" data-id=\"68e91bc0\" data-element_type=\"column\">\n\t\t\t<div class=\"elementor-widget-wrap elementor-element-populated\">\n\t\t\t\t\t\t<div class=\"elementor-element elementor-element-1ea774fb elementor-widget elementor-widget-image\" data-id=\"1ea774fb\" data-element_type=\"widget\" data-widget_type=\"image.default\">\n\t\t\t\t<div class=\"elementor-widget-container\">\n\t\t\t\t\t\t\t\t\t\t\t\t\t<img loading=\"lazy\" decoding=\"async\" width=\"500\" height=\"333\" src=\"https:\/\/party-train.nl\/wp-content\/uploads\/2024\/02\/disco-train-07.jpg\" class=\"attachment-large size-large wp-image-29\" alt=\"\" srcset=\"https:\/\/party-train.nl\/wp-content\/uploads\/2024\/02\/disco-train-07.jpg 500w, https:\/\/party-train.nl\/wp-content\/uploads\/2024\/02\/disco-train-07-300x200.jpg 300w, https:\/\/party-train.nl\/wp-content\/uploads\/2024\/02\/disco-train-07-113x75.jpg 113w, https:\/\/party-train.nl\/wp-content\/uploads\/2024\/02\/disco-train-07-480x320.jpg 480w\" sizes=\"(max-width:767px) 480px, 500px\" \/>\t\t\t\t\t\t\t\t\t\t\t\t\t<\/div>\n\t\t\t\t<\/div>\n\t\t\t\t\t<\/div>\n\t\t<\/div>\n\t\t\t\t<div class=\"elementor-column elementor-col-25 elementor-inner-column elementor-element elementor-element-57246915\" data-id=\"57246915\" data-element_type=\"column\">\n\t\t\t<div class=\"elementor-widget-wrap elementor-element-populated\">\n\t\t\t\t\t\t<div class=\"elementor-element elementor-element-220f3eeb elementor-widget elementor-widget-image\" data-id=\"220f3eeb\" data-element_type=\"widget\" data-widget_type=\"image.default\">\n\t\t\t\t<div class=\"elementor-widget-container\">\n\t\t\t\t\t\t\t\t\t\t\t\t\t<img loading=\"lazy\" decoding=\"async\" width=\"500\" height=\"333\" src=\"https:\/\/party-train.nl\/wp-content\/uploads\/2024\/02\/disco-train-08.jpg\" class=\"attachment-large size-large wp-image-30\" alt=\"\" srcset=\"https:\/\/party-train.nl\/wp-content\/uploads\/2024\/02\/disco-train-08.jpg 500w, https:\/\/party-train.nl\/wp-content\/uploads\/2024\/02\/disco-train-08-300x200.jpg 300w, https:\/\/party-train.nl\/wp-content\/uploads\/2024\/02\/disco-train-08-113x75.jpg 113w, https:\/\/party-train.nl\/wp-content\/uploads\/2024\/02\/disco-train-08-480x320.jpg 480w\" sizes=\"(max-width:767px) 480px, 500px\" \/>\t\t\t\t\t\t\t\t\t\t\t\t\t<\/div>\n\t\t\t\t<\/div>\n\t\t\t\t\t<\/div>\n\t\t<\/div>\n\t\t\t\t\t<\/div>\n\t\t<\/section>\n\t\t\t\t<div class=\"elementor-element elementor-element-3b85b66 elementor-align-center elementor-widget elementor-widget-button\" data-id=\"3b85b66\" data-element_type=\"widget\" data-widget_type=\"button.default\">\n\t\t\t\t<div class=\"elementor-widget-container\">\n\t\t\t\t\t<div class=\"elementor-button-wrapper\">\n\t\t\t<a class=\"elementor-button elementor-button-link elementor-size-sm\" href=\"https:\/\/disco-train.nl\/fotos\/\" target=\"_blank\">\n\t\t\t\t\t\t<span class=\"elementor-button-content-wrapper\">\n\t\t\t\t\t\t<span class=\"elementor-button-text\">BEKIJK MEER<\/span>\n\t\t<\/span>\n\t\t\t\t\t<\/a>\n\t\t<\/div>\n\t\t\t\t<\/div>\n\t\t\t\t<\/div>\n\t\t\t\t\t<\/div>\n\t\t<\/div>\n\t\t\t\t\t<\/div>\n\t\t<\/section>\n\t\t<div class=\"elementor-element elementor-element-6b42141 e-flex e-con-boxed e-con e-parent\" data-id=\"6b42141\" data-element_type=\"container\" data-settings=\"{&quot;background_background&quot;:&quot;gradient&quot;,&quot;shape_divider_bottom&quot;:&quot;tilt&quot;,&quot;content_width&quot;:&quot;boxed&quot;}\" data-core-v316-plus=\"true\">\n\t\t\t\t\t<div class=\"e-con-inner\">\n\t\t\t\t<div class=\"elementor-shape elementor-shape-bottom\" data-negative=\"false\">\n\t\t\t<svg xmlns=\"http:\/\/www.w3.org\/2000\/svg\" viewBox=\"0 0 1000 100\" preserveAspectRatio=\"none\">\n\t<path class=\"elementor-shape-fill\" d=\"M0,6V0h1000v100L0,6z\"\/>\n<\/svg>\t\t<\/div>\n\t\t\t\t<div class=\"elementor-element elementor-element-4de5901 elementor-widget elementor-widget-heading\" data-id=\"4de5901\" data-element_type=\"widget\" data-widget_type=\"heading.default\">\n\t\t\t\t<div class=\"elementor-widget-container\">\n\t\t\t<h1 class=\"elementor-heading-title elementor-size-default\">PARTY-TRAIN PARTY'S<\/h1>\t\t<\/div>\n\t\t\t\t<\/div>\n\t\t\t\t<div class=\"elementor-element elementor-element-9915711 elementor-widget elementor-widget-text-editor\" data-id=\"9915711\" data-element_type=\"widget\" data-widget_type=\"text-editor.default\">\n\t\t\t\t<div class=\"elementor-widget-container\">\n\t\t\t\t\t\t\t<h3 style=\"text-align: center;\"><b>Herleef de Magie van de Disco Era met Party Train Events<\/b><\/h3><p><span style=\"font-weight: 400;\">In een tijd waarin de wereld snakt naar momenten van ongedwongen plezier en gemeenschapsgevoel, kondigt Disco Train met opwinding zijn nieuwste evenement aan, waarbij de gouden periode van de disco en dansmuziek centraal staat.\u00a0<\/span><\/p><p><span style=\"font-weight: 400;\">Dit bijzondere evenement is een uitnodiging aan iedereen die de onvergetelijke disco en dance classics uit de jaren &#8217;70, &#8217;80 en &#8217;90 nog \u00e9\u00e9n keer wil beleven. De muziek die generaties heeft samengebracht en onuitwisbare herinneringen heeft gecre\u00eberd, staat op het punt om nog een episch hoofdstuk aan je favoriete herinneringen toe te voegen.<\/span><span style=\"font-weight: 400;\">&#8220;Party Train gaat over meer dan alleen muziek; het is een tijdreis naar de momenten die ons definieerden, de momenten van pure joy en samenhorigheid,&#8221; zegt Johan Eijssink\u00a0<\/span><\/p><p><span style=\"font-weight: 400;\">Woordvoerder van Disco Train. Deze woorden vangen de essentie van het evenement perfect samen. Het is niet alleen een gelegenheid om te genieten van de beste disco en dance muziek aller tijden, maar ook om de unieke, collectieve blijschap die deze muziek met zich meebrengt, te ervaren. Van de iconische baslijnen tot de onweerstaanbare refreinen, dit evenement belichaamt de geest van de disco era op een manier die nog niet eerder gezien is.\u00a0<\/span><\/p><p><span style=\"font-weight: 400;\">Disco Train belooft een avond vol nostalgie, waar lachende gezichten en zwaaiende handjes de norm zijn. Het evenement is ontworpen om bezoekers terug te brengen naar een tijd waarin de muziek het hart van het feest vormde, en elke noot een verhaal vertelde. Deze unieke ervaring staat open voor iedereen, ongeacht leeftijd. Of je nu de disco era zelf hebt meegemaakt of via verhalen en oude platen van deze magische periode hebt gehoord, dit evenement biedt een zeldzame kans om de glorie van deze tijd te herleven. Het evenement is een perfecte gelegenheid voor diegenen die verlangen naar een avond gevuld met goede oude tijd, plezier en natuurlijk, uitstekende muziek. Het is een uitnodiging om te dansen, te lachen en te genieten van de klassiekers die nooit aan glans hebben ingeboet.\u00a0<\/span><\/p><p><span style=\"font-weight: 400;\">Party Train nodigt iedereen uit om deel te nemen aan deze buitengewone reis terug in de tijd. Bereid je voor op een avond die je niet snel zult vergeten, waar de magie van de disco era opnieuw tot leven komt en waar de klassiekers van toen je hart zullen veroveren.\u00a0<\/span><\/p><p><span style=\"font-weight: 400;\">Trek je dansschoenen aan, want dit wordt een feest dat de geschiedenisboeken ingaat!<\/span><\/p><p><br style=\"font-weight: 400;\" \/><br style=\"font-weight: 400;\" \/><\/p>\t\t\t\t\t\t<\/div>\n\t\t\t\t<\/div>\n\t\t\t\t\t<\/div>\n\t\t\t\t<\/div>\n\t\t\t\t<\/div>\n\t\t","protected":false},"excerpt":{"rendered":"<p>KAARTVERKOOP Let op!! er zijn events waar de kaartverkoop door onze partner word verzorgd.Ga eerst naar het event en klik vervolgens op de tickets link om<span class=\"excerpt-hellip\"> [\u2026]<\/span><\/p>\n","protected":false},"author":1,"featured_media":0,"parent":0,"menu_order":0,"comment_status":"closed","ping_status":"closed","template":"elementor_header_footer","meta":{"footnotes":""},"class_list":["post-5","page","type-page","status-publish","hentry"],"_links":{"self":[{"href":"https:\/\/party-train.nl\/index.php?rest_route=\/wp\/v2\/pages\/5","targetHints":{"allow":["GET"]}}],"collection":[{"href":"https:\/\/party-train.nl\/index.php?rest_route=\/wp\/v2\/pages"}],"about":[{"href":"https:\/\/party-train.nl\/index.php?rest_route=\/wp\/v2\/types\/page"}],"author":[{"embeddable":true,"href":"https:\/\/party-train.nl\/index.php?rest_route=\/wp\/v2\/users\/1"}],"replies":[{"embeddable":true,"href":"https:\/\/party-train.nl\/index.php?rest_route=%2Fwp%2Fv2%2Fcomments&post=5"}],"version-history":[{"count":68,"href":"https:\/\/party-train.nl\/index.php?rest_route=\/wp\/v2\/pages\/5\/revisions"}],"predecessor-version":[{"id":103,"href":"https:\/\/party-train.nl\/index.php?rest_route=\/wp\/v2\/pages\/5\/revisions\/103"}],"wp:attachment":[{"href":"https:\/\/party-train.nl\/index.php?rest_route=%2Fwp%2Fv2%2Fmedia&parent=5"}],"curies":[{"name":"wp","href":"https:\/\/api.w.org\/{rel}","templated":true}]}}